{"id":6005,"date":"2025-04-13T02:07:23","date_gmt":"2025-04-13T02:07:23","guid":{"rendered":"https:\/\/www.teslagames.it\/?post_type=product&#038;p=6005"},"modified":"2025-05-07T09:35:53","modified_gmt":"2025-05-07T09:35:53","slug":"anarchia","status":"publish","type":"product","link":"https:\/\/www.teslagames.it\/?product=anarchia","title":{"rendered":"Anarchia"},"content":{"rendered":"<h3><strong>Storia<\/strong><\/h3>\n<p>Alla fine del 1135, Enrico I, re d\u2019Inghilterra, mor\u00ec improvvisamente senza lasciare un erede maschio per il trono. La figlia di Enrico, l\u2019Imperatrice Matilde, riteneva di avere diritto alla successione. Tuttavia, il nipote preferito del defunto re, Stefano di Blois, fu pi\u00f9 rapido a rivendicare il trono e, con l\u2019aiuto del fratello, il Vescovo di Winchester, venne incoronato re.<\/p>\n<p>Coloro che erano fedeli all\u2019imperatrice si indignarono per l\u2019incoronazione di Stefano e non lo avrebbero accettato come nuovo sovrano. Nei successivi diciotto anni, l\u2019Inghilterra assistette a un crollo dell\u2019ordine pubblico mentre la guerra civile si diffondeva in tutto il paese. Questo conflitto divenne noto come \u201cL\u2019Anarchia\u201d&#8230;<\/p>\n<h3>Panoramica Veloce<\/h3>\n<p>In Anarchia, i giocatori assumono il ruolo di nobili inglesi fedeli a Re Stefano. Nel corso di cinque round, i giocatori devono costruire il proprio dominio, difendere il castello dagli attacchi degli eserciti Angioini in arrivo e assaltare le fortezze fedeli a Matilde con le proprie armi d\u2019assedio artigianali.<\/p>\n<p>Il giocatore che accumula pi\u00f9 Coraggio, Lealt\u00e0, Influenza e Potere, evitando al contempo il Malcontento, dimostrer\u00e0 a Re Stefano di essere il suo alleato pi\u00f9 leale, ottenendo il pi\u00f9 grande feudo del regno.<\/p>\n<h3>Caratteristiche Principali<\/h3>\n<ul>\n<li>Integra tutto ci\u00f2 che era fantastico in Hadrian\u2019s Wall e lo porta a un livello superiore.<\/li>\n<li>Le combo costanti e le concatenazioni di azioni creano un&#8217;esperienza divertente e coinvolgente.<\/li>\n<li>Una campagna in solitario di 20 capitoli che aggiunge ancora pi\u00f9 carte uniche e regole che cambiano da una partita all&#8217;altra.<\/li>\n<\/ul>\n<p>&nbsp;<\/p>\n","protected":false},"excerpt":{"rendered":"<p>Anarchia \u00e8 un gioco di strategia complesso e tematico progettato da Bobby Hill &#8211; il designer noto per Hadrian&#8217;s Wall.<\/p>\n","protected":false},"featured_media":6006,"comment_status":"open","ping_status":"closed","template":"","meta":[],"product_brand":[],"product_cat":[15],"product_tag":[80],"class_list":{"0":"post-6005","1":"product","2":"type-product","3":"status-publish","4":"has-post-thumbnail","6":"product_cat-senza-categoria","7":"product_tag-anarchia","9":"first","10":"instock","11":"shipping-taxable","12":"purchasable","13":"product-type-simple"},"acf":[],"_links":{"self":[{"href":"https:\/\/www.teslagames.it\/index.php?rest_route=\/wp\/v2\/product\/6005","targetHints":{"allow":["GET"]}}],"collection":[{"href":"https:\/\/www.teslagames.it\/index.php?rest_route=\/wp\/v2\/product"}],"about":[{"href":"https:\/\/www.teslagames.it\/index.php?rest_route=\/wp\/v2\/types\/product"}],"replies":[{"embeddable":true,"href":"https:\/\/www.teslagames.it\/index.php?rest_route=%2Fwp%2Fv2%2Fcomments&post=6005"}],"wp:featuredmedia":[{"embeddable":true,"href":"https:\/\/www.teslagames.it\/index.php?rest_route=\/wp\/v2\/media\/6006"}],"wp:attachment":[{"href":"https:\/\/www.teslagames.it\/index.php?rest_route=%2Fwp%2Fv2%2Fmedia&parent=6005"}],"wp:term":[{"taxonomy":"product_brand","embeddable":true,"href":"https:\/\/www.teslagames.it\/index.php?rest_route=%2Fwp%2Fv2%2Fproduct_brand&post=6005"},{"taxonomy":"product_cat","embeddable":true,"href":"https:\/\/www.teslagames.it\/index.php?rest_route=%2Fwp%2Fv2%2Fproduct_cat&post=6005"},{"taxonomy":"product_tag","embeddable":true,"href":"https:\/\/www.teslagames.it\/index.php?rest_route=%2Fwp%2Fv2%2Fproduct_tag&post=6005"}],"curies":[{"name":"wp","href":"https:\/\/api.w.org\/{rel}","templated":true}]}}